{"id":60,"date":"2026-02-18T11:06:32","date_gmt":"2026-02-18T11:06:32","guid":{"rendered":"https:\/\/lauratorregrosa.fpcei.eu\/?page_id=60"},"modified":"2026-02-28T19:12:55","modified_gmt":"2026-02-28T19:12:55","slug":"uso-correcto","status":"publish","type":"page","link":"https:\/\/lauratorregrosa.fpcei.eu\/?page_id=60","title":{"rendered":"Uso Correcto"},"content":{"rendered":"\n<p>Saber d\u00f3nde y c\u00f3mo aplicar un perfume es esencial para una mayor durabilidad en la piel y una mejor percepci\u00f3n.<\/p>\n\n\n\n<div class=\"wp-block-columns is-layout-flex wp-container-core-columns-is-layout-28f84493 wp-block-columns-is-layout-flex\">\n<div class=\"wp-block-column is-layout-flow wp-block-column-is-layout-flow\" style=\"flex-basis:66.66%\">\n<h2 class=\"wp-block-heading\"><strong>D\u00f3nde aplicarlo<\/strong><\/h2>\n\n\n\n<p>Lo ideal es aplicarlo en los puntos de pulso:<\/p>\n\n\n\n<p>\u00b7 Mu\u00f1ecas<\/p>\n\n\n\n<p>\u00b7 Cuello&nbsp;<\/p>\n\n\n\n<p>\u00b7 Detr\u00e1s de las orejas&nbsp;<\/p>\n\n\n\n<p>Estas zonas van expulsando calor, lo cual permite una mejor dispersi\u00f3n del perfume cuando es calentado levemente con el pulso. <\/p>\n<\/div>\n\n\n\n<div class=\"wp-block-column is-layout-flow wp-block-column-is-layout-flow\" style=\"flex-basis:33.33%\">\n<figure class=\"wp-block-image size-full is-resized\"><img loading=\"lazy\" decoding=\"async\" width=\"736\" height=\"782\" src=\"https:\/\/lauratorregrosa.fpcei.eu\/wp-content\/uploads\/2026\/02\/pulsoo.jpg\" alt=\"\" class=\"wp-image-75\" style=\"width:294px;height:auto\" srcset=\"https:\/\/lauratorregrosa.fpcei.eu\/wp-content\/uploads\/2026\/02\/pulsoo.jpg 736w, https:\/\/lauratorregrosa.fpcei.eu\/wp-content\/uploads\/2026\/02\/pulsoo-282x300.jpg 282w\" sizes=\"auto, (max-width: 736px) 100vw, 736px\" \/><\/figure>\n<\/div>\n<\/div>\n\n\n\n<div style=\"height:44px\" aria-hidden=\"true\" class=\"wp-block-spacer\"><\/div>\n\n\n\n<div class=\"wp-block-columns is-layout-flex wp-container-core-columns-is-layout-28f84493 wp-block-columns-is-layout-flex\">\n<div class=\"wp-block-column is-layout-flow wp-block-column-is-layout-flow\" style=\"flex-basis:33.33%\">\n<figure class=\"wp-block-image size-full is-resized\"><img loading=\"lazy\" decoding=\"async\" width=\"736\" height=\"736\" src=\"https:\/\/lauratorregrosa.fpcei.eu\/wp-content\/uploads\/2026\/02\/como.jpg\" alt=\"\" class=\"wp-image-76\" style=\"width:295px;height:auto\" srcset=\"https:\/\/lauratorregrosa.fpcei.eu\/wp-content\/uploads\/2026\/02\/como.jpg 736w, https:\/\/lauratorregrosa.fpcei.eu\/wp-content\/uploads\/2026\/02\/como-300x300.jpg 300w, https:\/\/lauratorregrosa.fpcei.eu\/wp-content\/uploads\/2026\/02\/como-150x150.jpg 150w\" sizes=\"auto, (max-width: 736px) 100vw, 736px\" \/><\/figure>\n<\/div>\n\n\n\n<div class=\"wp-block-column is-layout-flow wp-block-column-is-layout-flow\" style=\"flex-basis:66.66%\">\n<h2 class=\"wp-block-heading\"><strong>C\u00f3mo aplicarlo<\/strong><\/h2>\n\n\n\n<p>Lo recomendable es aplicarlo a unos 15-20cm de distancia sobre piel limpia e hidratada, ya sea con una crema neutra o con un matiz a la base del perfume.&nbsp;<\/p>\n\n\n\n<p>Una creencia muy antigua dicta que lo mejor para mejorar un perfume es frotar este mismo en las mu\u00f1ecas, pero esto altera molecularmente su composici\u00f3n y podr\u00eda afectar ligeramente a este.&nbsp;<\/p>\n<\/div>\n<\/div>\n","protected":false},"excerpt":{"rendered":"<p>Saber d\u00f3nde y c\u00f3mo aplicar un perfume es esencial para una mayor durabilidad en la piel y una mejor percepci\u00f3n. D\u00f3nde aplicarlo Lo ideal es aplicarlo en los puntos de pulso: \u00b7 Mu\u00f1ecas \u00b7 Cuello&nbsp; \u00b7 Detr\u00e1s de las orejas&nbsp; Estas zonas van expulsando calor, lo cual permite una mejor dispersi\u00f3n del perfume cuando es [&hellip;]<\/p>\n","protected":false},"author":2,"featured_media":0,"parent":0,"menu_order":0,"comment_status":"closed","ping_status":"closed","template":"","meta":{"footnotes":""},"class_list":["post-60","page","type-page","status-publish","hentry"],"_links":{"self":[{"href":"https:\/\/lauratorregrosa.fpcei.eu\/index.php?rest_route=\/wp\/v2\/pages\/60","targetHints":{"allow":["GET"]}}],"collection":[{"href":"https:\/\/lauratorregrosa.fpcei.eu\/index.php?rest_route=\/wp\/v2\/pages"}],"about":[{"href":"https:\/\/lauratorregrosa.fpcei.eu\/index.php?rest_route=\/wp\/v2\/types\/page"}],"author":[{"embeddable":true,"href":"https:\/\/lauratorregrosa.fpcei.eu\/index.php?rest_route=\/wp\/v2\/users\/2"}],"replies":[{"embeddable":true,"href":"https:\/\/lauratorregrosa.fpcei.eu\/index.php?rest_route=%2Fwp%2Fv2%2Fcomments&post=60"}],"version-history":[{"count":4,"href":"https:\/\/lauratorregrosa.fpcei.eu\/index.php?rest_route=\/wp\/v2\/pages\/60\/revisions"}],"predecessor-version":[{"id":167,"href":"https:\/\/lauratorregrosa.fpcei.eu\/index.php?rest_route=\/wp\/v2\/pages\/60\/revisions\/167"}],"wp:attachment":[{"href":"https:\/\/lauratorregrosa.fpcei.eu\/index.php?rest_route=%2Fwp%2Fv2%2Fmedia&parent=60"}],"curies":[{"name":"wp","href":"https:\/\/api.w.org\/{rel}","templated":true}]}}