{"id":133,"date":"2026-02-28T18:11:42","date_gmt":"2026-02-28T18:11:42","guid":{"rendered":"https:\/\/lauratorregrosa.fpcei.eu\/?page_id=133"},"modified":"2026-02-28T19:00:49","modified_gmt":"2026-02-28T19:00:49","slug":"gamas","status":"publish","type":"page","link":"https:\/\/lauratorregrosa.fpcei.eu\/?page_id=133","title":{"rendered":"Gamas"},"content":{"rendered":"\n<h2 class=\"wp-block-heading\"><strong>Duraci\u00f3n<\/strong>:<\/h2>\n\n\n\n<div class=\"wp-block-columns is-layout-flex wp-container-core-columns-is-layout-28f84493 wp-block-columns-is-layout-flex\">\n<div class=\"wp-block-column is-layout-flow wp-block-column-is-layout-flow\" style=\"flex-basis:33.33%\">\n<h2 class=\"wp-block-heading\"><strong>Concentraci\u00f3n<\/strong>: <\/h2>\n\n\n\n<p>La duraci\u00f3n de un perfume depende de la concentraci\u00f3n del mismo, cuanta m\u00e1s concentraci\u00f3n mayor duraci\u00f3n.&nbsp;<\/p>\n\n\n\n<p>Parfum \/ Extrait de Parfum \u2192&nbsp; La mayor concentraci\u00f3n en un perfume, con una duraci\u00f3n de entre 8\u201312 horas o m\u00e1s<br><\/p>\n\n\n\n<p>Eau de Parfum \u2192 Una concentraci\u00f3n medio alta de perfume, con una duraci\u00f3n de entre 6\u20138 horas<br><\/p>\n\n\n\n<p>Eau de Toilette \u2192 Una concentraci\u00f3n medio baja de perfume, con una duraci\u00f3n de entre 4\u20136 horas<br><\/p>\n\n\n\n<p>Eau de Cologne \u2192 La menor concentraci\u00f3n en un perfume, con una duraci\u00f3n de entre 2\u20133 horas<\/p>\n<\/div>\n\n\n\n<div class=\"wp-block-column is-layout-flow wp-block-column-is-layout-flow\" style=\"flex-basis:66.66%\">\n<h2 class=\"wp-block-heading\"><\/h2>\n\n\n\n<figure class=\"wp-block-image aligncenter size-large is-resized\"><img loading=\"lazy\" decoding=\"async\" width=\"819\" height=\"1024\" src=\"https:\/\/lauratorregrosa.fpcei.eu\/wp-content\/uploads\/2026\/02\/eau-parfum-819x1024.jpg\" alt=\"\" class=\"wp-image-134\" style=\"aspect-ratio:0.7998143288165247;width:486px;height:auto\" srcset=\"https:\/\/lauratorregrosa.fpcei.eu\/wp-content\/uploads\/2026\/02\/eau-parfum-819x1024.jpg 819w, https:\/\/lauratorregrosa.fpcei.eu\/wp-content\/uploads\/2026\/02\/eau-parfum-240x300.jpg 240w, https:\/\/lauratorregrosa.fpcei.eu\/wp-content\/uploads\/2026\/02\/eau-parfum-768x960.jpg 768w, https:\/\/lauratorregrosa.fpcei.eu\/wp-content\/uploads\/2026\/02\/eau-parfum.jpg 1080w\" sizes=\"auto, (max-width: 819px) 100vw, 819px\" \/><\/figure>\n<\/div>\n<\/div>\n\n\n\n<div style=\"height:73px\" aria-hidden=\"true\" class=\"wp-block-spacer\"><\/div>\n\n\n\n<div class=\"wp-block-columns is-layout-flex wp-container-core-columns-is-layout-28f84493 wp-block-columns-is-layout-flex\">\n<div class=\"wp-block-column is-layout-flow wp-block-column-is-layout-flow\" style=\"flex-basis:66.66%\">\n<h2 class=\"wp-block-heading\"><\/h2>\n\n\n\n<figure class=\"wp-block-image aligncenter size-large is-resized\"><img loading=\"lazy\" decoding=\"async\" width=\"768\" height=\"1024\" src=\"https:\/\/lauratorregrosa.fpcei.eu\/wp-content\/uploads\/2026\/02\/crema-768x1024.jpg\" alt=\"\" class=\"wp-image-162\" style=\"aspect-ratio:0.7500041852912126;width:254px;height:auto\" srcset=\"https:\/\/lauratorregrosa.fpcei.eu\/wp-content\/uploads\/2026\/02\/crema-768x1024.jpg 768w, https:\/\/lauratorregrosa.fpcei.eu\/wp-content\/uploads\/2026\/02\/crema-225x300.jpg 225w, https:\/\/lauratorregrosa.fpcei.eu\/wp-content\/uploads\/2026\/02\/crema-1152x1536.jpg 1152w, https:\/\/lauratorregrosa.fpcei.eu\/wp-content\/uploads\/2026\/02\/crema.jpg 1200w\" sizes=\"auto, (max-width: 768px) 100vw, 768px\" \/><\/figure>\n<\/div>\n\n\n\n<div class=\"wp-block-column is-layout-flow wp-block-column-is-layout-flow\" style=\"flex-basis:33.33%\">\n<h2 class=\"wp-block-heading\"><strong>Continuidad<\/strong>:<\/h2>\n\n\n\n<h2 class=\"wp-block-heading\"><strong>Piel<\/strong>:<\/h2>\n\n\n\n<p>La duraci\u00f3n de un perfume puede variar seg\u00fan tu tipo de piel&nbsp;<\/p>\n\n\n\n<ul class=\"wp-block-list\">\n<li>Piel Grasa: M\u00e1s duraci\u00f3n en tu piel<\/li>\n\n\n\n<li>Piel Seca: Menos duraci\u00f3n en tu piel<\/li>\n<\/ul>\n\n\n\n<p>* Ponerse crema hidratante ayuda a mantener la duraci\u00f3n del perfume en tu piel.<\/p>\n<\/div>\n<\/div>\n\n\n\n<div style=\"height:55px\" aria-hidden=\"true\" class=\"wp-block-spacer\"><\/div>\n\n\n\n<div class=\"wp-block-columns is-layout-flex wp-container-core-columns-is-layout-28f84493 wp-block-columns-is-layout-flex\">\n<div class=\"wp-block-column is-layout-flow wp-block-column-is-layout-flow\" style=\"flex-basis:33.33%\">\n<h2 class=\"wp-block-heading\"><strong>Notas<\/strong>:<\/h2>\n\n\n\n<p>Las notas de un perfume tambi\u00e9n pueden hacer variar la duraci\u00f3n en un perfume&nbsp;<\/p>\n\n\n\n<ul class=\"wp-block-list\">\n<li>M\u00e1s duraderos: vainilla, \u00e1mbar, oud, madera, almizcle.<\/li>\n\n\n\n<li>Menos duraderos: c\u00edtricos, notas verdes o frescas.<\/li>\n<\/ul>\n<\/div>\n\n\n\n<div class=\"wp-block-column is-layout-flow wp-block-column-is-layout-flow\" style=\"flex-basis:66.66%\">\n<h2 class=\"wp-block-heading\"><\/h2>\n\n\n\n<figure class=\"wp-block-image aligncenter size-full is-resized\"><img loading=\"lazy\" decoding=\"async\" width=\"736\" height=\"736\" src=\"https:\/\/lauratorregrosa.fpcei.eu\/wp-content\/uploads\/2026\/02\/chan.jpg\" alt=\"\" class=\"wp-image-163\" style=\"width:278px;height:auto\" srcset=\"https:\/\/lauratorregrosa.fpcei.eu\/wp-content\/uploads\/2026\/02\/chan.jpg 736w, https:\/\/lauratorregrosa.fpcei.eu\/wp-content\/uploads\/2026\/02\/chan-300x300.jpg 300w, https:\/\/lauratorregrosa.fpcei.eu\/wp-content\/uploads\/2026\/02\/chan-150x150.jpg 150w\" sizes=\"auto, (max-width: 736px) 100vw, 736px\" \/><\/figure>\n<\/div>\n<\/div>\n\n\n\n<div style=\"height:54px\" aria-hidden=\"true\" class=\"wp-block-spacer\"><\/div>\n\n\n\n<div class=\"wp-block-columns is-layout-flex wp-container-core-columns-is-layout-28f84493 wp-block-columns-is-layout-flex\">\n<div class=\"wp-block-column is-layout-flow wp-block-column-is-layout-flow\" style=\"flex-basis:66.66%\">\n<h2 class=\"wp-block-heading\"><\/h2>\n\n\n\n<figure class=\"wp-block-image aligncenter size-large is-resized\"><img loading=\"lazy\" decoding=\"async\" width=\"893\" height=\"1024\" src=\"https:\/\/lauratorregrosa.fpcei.eu\/wp-content\/uploads\/2026\/02\/ns-893x1024.jpg\" alt=\"\" class=\"wp-image-164\" style=\"aspect-ratio:0.8720703885385035;width:248px;height:auto\" srcset=\"https:\/\/lauratorregrosa.fpcei.eu\/wp-content\/uploads\/2026\/02\/ns-893x1024.jpg 893w, https:\/\/lauratorregrosa.fpcei.eu\/wp-content\/uploads\/2026\/02\/ns-262x300.jpg 262w, https:\/\/lauratorregrosa.fpcei.eu\/wp-content\/uploads\/2026\/02\/ns-768x881.jpg 768w, https:\/\/lauratorregrosa.fpcei.eu\/wp-content\/uploads\/2026\/02\/ns.jpg 1200w\" sizes=\"auto, (max-width: 893px) 100vw, 893px\" \/><\/figure>\n<\/div>\n\n\n\n<div class=\"wp-block-column is-layout-flow wp-block-column-is-layout-flow\" style=\"flex-basis:33.33%\">\n<h2 class=\"wp-block-heading\"><strong>Clima y temperatura<\/strong>:<\/h2>\n\n\n\n<p>El clima y la temperatura pueden variar en la duraci\u00f3n de un perfume.<\/p>\n\n\n\n<ul class=\"wp-block-list\">\n<li><strong>Calor:<\/strong> el perfume se evapora m\u00e1s r\u00e1pido, ya que la temperatura es mayor.<\/li>\n\n\n\n<li><strong>Fr\u00edo:<\/strong> suele durar m\u00e1s tiempo, ya que la temperatura no hace que se evapore tan r\u00e1pido. <\/li>\n<\/ul>\n<\/div>\n<\/div>\n","protected":false},"excerpt":{"rendered":"<p>Duraci\u00f3n: Concentraci\u00f3n: La duraci\u00f3n de un perfume depende de la concentraci\u00f3n del mismo, cuanta m\u00e1s concentraci\u00f3n mayor duraci\u00f3n.&nbsp; Parfum \/ Extrait de Parfum \u2192&nbsp; La mayor concentraci\u00f3n en un perfume, con una duraci\u00f3n de entre 8\u201312 horas o m\u00e1s Eau de Parfum \u2192 Una concentraci\u00f3n medio alta de perfume, con una duraci\u00f3n de entre 6\u20138 [&hellip;]<\/p>\n","protected":false},"author":2,"featured_media":0,"parent":0,"menu_order":0,"comment_status":"closed","ping_status":"closed","template":"","meta":{"footnotes":""},"class_list":["post-133","page","type-page","status-publish","hentry"],"_links":{"self":[{"href":"https:\/\/lauratorregrosa.fpcei.eu\/index.php?rest_route=\/wp\/v2\/pages\/133","targetHints":{"allow":["GET"]}}],"collection":[{"href":"https:\/\/lauratorregrosa.fpcei.eu\/index.php?rest_route=\/wp\/v2\/pages"}],"about":[{"href":"https:\/\/lauratorregrosa.fpcei.eu\/index.php?rest_route=\/wp\/v2\/types\/page"}],"author":[{"embeddable":true,"href":"https:\/\/lauratorregrosa.fpcei.eu\/index.php?rest_route=\/wp\/v2\/users\/2"}],"replies":[{"embeddable":true,"href":"https:\/\/lauratorregrosa.fpcei.eu\/index.php?rest_route=%2Fwp%2Fv2%2Fcomments&post=133"}],"version-history":[{"count":3,"href":"https:\/\/lauratorregrosa.fpcei.eu\/index.php?rest_route=\/wp\/v2\/pages\/133\/revisions"}],"predecessor-version":[{"id":165,"href":"https:\/\/lauratorregrosa.fpcei.eu\/index.php?rest_route=\/wp\/v2\/pages\/133\/revisions\/165"}],"wp:attachment":[{"href":"https:\/\/lauratorregrosa.fpcei.eu\/index.php?rest_route=%2Fwp%2Fv2%2Fmedia&parent=133"}],"curies":[{"name":"wp","href":"https:\/\/api.w.org\/{rel}","templated":true}]}}